{"id":637,"date":"2025-01-30T06:29:38","date_gmt":"2025-01-30T02:29:38","guid":{"rendered":"https:\/\/premiumresidency.com\/home\/"},"modified":"2025-08-16T15:55:35","modified_gmt":"2025-08-16T11:55:35","slug":"home","status":"publish","type":"page","link":"https:\/\/premiumresidency.com\/fr\/","title":{"rendered":"Saudi Premium Residency"},"content":{"rendered":"","protected":false},"excerpt":{"rendered":"","protected":false},"author":1,"featured_media":639,"parent":0,"menu_order":0,"comment_status":"closed","ping_status":"closed","template":"template-home.php","meta":{"_acf_changed":false,"inline_featured_image":false,"footnotes":""},"class_list":["post-637","page","type-page","status-publish","has-post-thumbnail","hentry"],"acf":[],"yoast_head":"<!-- This site is optimized with the Yoast SEO Premium plugin v24.4 (Yoast SEO v24.4) - https:\/\/yoast.com\/wordpress\/plugins\/seo\/ -->\n<title>Guide 2026 des experts sur le programme de r\u00e9sidence premium en Arabie saoudite<\/title>\n<meta name=\"description\" content=\"Profitez des avantages de la r\u00e9sidence premium en Arabie saoudite, de l&#039;achat d&#039;un bien immobilier \u00e0 la gestion d&#039;une entreprise. D\u00e9couvrez ce prestigieux programme d\u00e8s aujourd&#039;hui !\" \/>\n<meta name=\"robots\" content=\"index, follow, max-snippet:-1, max-image-preview:large, max-video-preview:-1\" \/>\n<link rel=\"canonical\" href=\"https:\/\/premiumresidency.com\/fr\/\" \/>\n<meta property=\"og:locale\" content=\"fr_FR\" \/>\n<meta property=\"og:type\" content=\"article\" \/>\n<meta property=\"og:title\" content=\"Guide 2026 des experts sur le programme de r\u00e9sidence premium en Arabie saoudite\" \/>\n<meta property=\"og:description\" content=\"Profitez des avantages de la r\u00e9sidence premium en Arabie saoudite, de l&#039;achat d&#039;un bien immobilier \u00e0 la gestion d&#039;une entreprise. D\u00e9couvrez ce prestigieux programme d\u00e8s aujourd&#039;hui !\" \/>\n<meta property=\"og:url\" content=\"https:\/\/premiumresidency.com\/fr\/\" \/>\n<meta property=\"og:site_name\" content=\"Saudi Premium Residency\" \/>\n<meta property=\"article:modified_time\" content=\"2025-08-16T11:55:35+00:00\" \/>\n<meta property=\"og:image\" content=\"https:\/\/premiumresidency.com\/wp-content\/uploads\/2024\/05\/hero-2.webp\" \/>\n\t<meta property=\"og:image:width\" content=\"1398\" \/>\n\t<meta property=\"og:image:height\" content=\"611\" \/>\n\t<meta property=\"og:image:type\" content=\"image\/webp\" \/>\n<meta name=\"twitter:card\" content=\"summary_large_image\" \/>\n<meta name=\"twitter:title\" content=\"Saudi Premium Residency\" \/>\n<meta name=\"twitter:label1\" content=\"Dur\u00e9e de lecture estim\u00e9e\" \/>\n\t<meta name=\"twitter:data1\" content=\"1 minute\" \/>\n<script type=\"application\/ld+json\" class=\"yoast-schema-graph\">{\"@context\":\"https:\/\/schema.org\",\"@graph\":[{\"@type\":\"WebPage\",\"@id\":\"https:\/\/premiumresidency.com\/fr\/\",\"url\":\"https:\/\/premiumresidency.com\/fr\/\",\"name\":\"Guide 2026 des experts sur le programme de r\u00e9sidence premium en Arabie saoudite\",\"isPartOf\":{\"@id\":\"https:\/\/premiumresidency.com\/fr\/#website\"},\"primaryImageOfPage\":{\"@id\":\"https:\/\/premiumresidency.com\/fr\/#primaryimage\"},\"image\":{\"@id\":\"https:\/\/premiumresidency.com\/fr\/#primaryimage\"},\"thumbnailUrl\":\"https:\/\/premiumresidency.com\/wp-content\/uploads\/2024\/05\/hero-2.webp\",\"datePublished\":\"2025-01-30T02:29:38+00:00\",\"dateModified\":\"2025-08-16T11:55:35+00:00\",\"description\":\"Profitez des avantages de la r\u00e9sidence premium en Arabie saoudite, de l'achat d'un bien immobilier \u00e0 la gestion d'une entreprise. D\u00e9couvrez ce prestigieux programme d\u00e8s aujourd'hui !\",\"breadcrumb\":{\"@id\":\"https:\/\/premiumresidency.com\/fr\/#breadcrumb\"},\"inLanguage\":\"fr-FR\",\"potentialAction\":[{\"@type\":\"ReadAction\",\"target\":[\"https:\/\/premiumresidency.com\/fr\/\"]}]},{\"@type\":\"ImageObject\",\"inLanguage\":\"fr-FR\",\"@id\":\"https:\/\/premiumresidency.com\/fr\/#primaryimage\",\"url\":\"https:\/\/premiumresidency.com\/wp-content\/uploads\/2024\/05\/hero-2.webp\",\"contentUrl\":\"https:\/\/premiumresidency.com\/wp-content\/uploads\/2024\/05\/hero-2.webp\",\"width\":1398,\"height\":611},{\"@type\":\"BreadcrumbList\",\"@id\":\"https:\/\/premiumresidency.com\/fr\/#breadcrumb\",\"itemListElement\":[{\"@type\":\"ListItem\",\"position\":1,\"name\":\"Home\",\"item\":\"https:\/\/premiumresidency.com\/fr\/\"},{\"@type\":\"ListItem\",\"position\":2,\"name\":\"Saudi Premium Residency\"}]},{\"@type\":\"WebSite\",\"@id\":\"https:\/\/premiumresidency.com\/fr\/#website\",\"url\":\"https:\/\/premiumresidency.com\/fr\/\",\"name\":\"Saudi Premium Residency\",\"description\":\"\",\"potentialAction\":[{\"@type\":\"SearchAction\",\"target\":{\"@type\":\"EntryPoint\",\"urlTemplate\":\"https:\/\/premiumresidency.com\/fr\/?s={search_term_string}\"},\"query-input\":{\"@type\":\"PropertyValueSpecification\",\"valueRequired\":true,\"valueName\":\"search_term_string\"}}],\"inLanguage\":\"fr-FR\"}]}<\/script>\n<!-- \/ Yoast SEO Premium plugin. -->","yoast_head_json":{"title":"Guide 2026 des experts sur le programme de r\u00e9sidence premium en Arabie saoudite","description":"Profitez des avantages de la r\u00e9sidence premium en Arabie saoudite, de l'achat d'un bien immobilier \u00e0 la gestion d'une entreprise. D\u00e9couvrez ce prestigieux programme d\u00e8s aujourd'hui !","robots":{"index":"index","follow":"follow","max-snippet":"max-snippet:-1","max-image-preview":"max-image-preview:large","max-video-preview":"max-video-preview:-1"},"canonical":"https:\/\/premiumresidency.com\/fr\/","og_locale":"fr_FR","og_type":"article","og_title":"Guide 2026 des experts sur le programme de r\u00e9sidence premium en Arabie saoudite","og_description":"Profitez des avantages de la r\u00e9sidence premium en Arabie saoudite, de l'achat d'un bien immobilier \u00e0 la gestion d'une entreprise. D\u00e9couvrez ce prestigieux programme d\u00e8s aujourd'hui !","og_url":"https:\/\/premiumresidency.com\/fr\/","og_site_name":"Saudi Premium Residency","article_modified_time":"2025-08-16T11:55:35+00:00","og_image":[{"width":1398,"height":611,"url":"https:\/\/premiumresidency.com\/wp-content\/uploads\/2024\/05\/hero-2.webp","type":"image\/webp"}],"twitter_card":"summary_large_image","twitter_title":"Saudi Premium Residency","twitter_misc":{"Dur\u00e9e de lecture estim\u00e9e":"1 minute"},"schema":{"@context":"https:\/\/schema.org","@graph":[{"@type":"WebPage","@id":"https:\/\/premiumresidency.com\/fr\/","url":"https:\/\/premiumresidency.com\/fr\/","name":"Guide 2026 des experts sur le programme de r\u00e9sidence premium en Arabie saoudite","isPartOf":{"@id":"https:\/\/premiumresidency.com\/fr\/#website"},"primaryImageOfPage":{"@id":"https:\/\/premiumresidency.com\/fr\/#primaryimage"},"image":{"@id":"https:\/\/premiumresidency.com\/fr\/#primaryimage"},"thumbnailUrl":"https:\/\/premiumresidency.com\/wp-content\/uploads\/2024\/05\/hero-2.webp","datePublished":"2025-01-30T02:29:38+00:00","dateModified":"2025-08-16T11:55:35+00:00","description":"Profitez des avantages de la r\u00e9sidence premium en Arabie saoudite, de l'achat d'un bien immobilier \u00e0 la gestion d'une entreprise. D\u00e9couvrez ce prestigieux programme d\u00e8s aujourd'hui !","breadcrumb":{"@id":"https:\/\/premiumresidency.com\/fr\/#breadcrumb"},"inLanguage":"fr-FR","potentialAction":[{"@type":"ReadAction","target":["https:\/\/premiumresidency.com\/fr\/"]}]},{"@type":"ImageObject","inLanguage":"fr-FR","@id":"https:\/\/premiumresidency.com\/fr\/#primaryimage","url":"https:\/\/premiumresidency.com\/wp-content\/uploads\/2024\/05\/hero-2.webp","contentUrl":"https:\/\/premiumresidency.com\/wp-content\/uploads\/2024\/05\/hero-2.webp","width":1398,"height":611},{"@type":"BreadcrumbList","@id":"https:\/\/premiumresidency.com\/fr\/#breadcrumb","itemListElement":[{"@type":"ListItem","position":1,"name":"Home","item":"https:\/\/premiumresidency.com\/fr\/"},{"@type":"ListItem","position":2,"name":"Saudi Premium Residency"}]},{"@type":"WebSite","@id":"https:\/\/premiumresidency.com\/fr\/#website","url":"https:\/\/premiumresidency.com\/fr\/","name":"Saudi Premium Residency","description":"","potentialAction":[{"@type":"SearchAction","target":{"@type":"EntryPoint","urlTemplate":"https:\/\/premiumresidency.com\/fr\/?s={search_term_string}"},"query-input":{"@type":"PropertyValueSpecification","valueRequired":true,"valueName":"search_term_string"}}],"inLanguage":"fr-FR"}]}},"_links":{"self":[{"href":"https:\/\/premiumresidency.com\/fr\/wp-json\/wp\/v2\/pages\/637","targetHints":{"allow":["GET"]}}],"collection":[{"href":"https:\/\/premiumresidency.com\/fr\/wp-json\/wp\/v2\/pages"}],"about":[{"href":"https:\/\/premiumresidency.com\/fr\/wp-json\/wp\/v2\/types\/page"}],"author":[{"embeddable":true,"href":"https:\/\/premiumresidency.com\/fr\/wp-json\/wp\/v2\/users\/1"}],"replies":[{"embeddable":true,"href":"https:\/\/premiumresidency.com\/fr\/wp-json\/wp\/v2\/comments?post=637"}],"version-history":[{"count":16,"href":"https:\/\/premiumresidency.com\/fr\/wp-json\/wp\/v2\/pages\/637\/revisions"}],"predecessor-version":[{"id":973,"href":"https:\/\/premiumresidency.com\/fr\/wp-json\/wp\/v2\/pages\/637\/revisions\/973"}],"wp:featuredmedia":[{"embeddable":true,"href":"https:\/\/premiumresidency.com\/fr\/wp-json\/wp\/v2\/media\/639"}],"wp:attachment":[{"href":"https:\/\/premiumresidency.com\/fr\/wp-json\/wp\/v2\/media?parent=637"}],"curies":[{"name":"wp","href":"https:\/\/api.w.org\/{rel}","templated":true}]}}